





{"id":6676,"date":"2024-07-06T13:46:10","date_gmt":"2024-07-06T10:46:10","guid":{"rendered":"https:\/\/demo2.lond.net\/ozsafirhali2\/?post_type=product&#038;p=6676"},"modified":"2024-07-18T12:20:27","modified_gmt":"2024-07-18T09:20:27","slug":"dekorenti-beirut-9103-bej-gri","status":"publish","type":"product","link":"https:\/\/demo2.lond.net\/ozsafirhali2\/product\/dekorenti-beirut-9103-bej-gri\/","title":{"rendered":"Dekorenti Beirut 9103 Bej Gri"},"content":{"rendered":"","protected":false},"excerpt":{"rendered":"<p>Standart Ebat : 200&#215;290 &#8211; 160&#215;230 &#8211; 120&#215;180 &#8211; 100&#215;300 &#8211; 100&#215;200 &#8211; 80&#215;300 &#8211; 80&#215;150<br \/>\nDaire : 160&#215;160 &#8211; 133&#215;133<br \/>\n\u2702 : 80&#8217;lik &#8211; 100&#8217;l\u00fck &#8211; 120&#8217;lik &#8211; 160&#8217;l\u0131k &#8211; 200&#8217;l\u00fck<\/p>\n","protected":false},"featured_media":5819,"comment_status":"closed","ping_status":"closed","template":"","meta":[],"product_cat":[56,60],"product_tag":[],"class_list":{"0":"post-6676","1":"product","2":"type-product","3":"status-publish","4":"has-post-thumbnail","6":"product_cat-tum-koleksiyonlar","7":"product_cat-beirut","9":"first","10":"instock","11":"shipping-taxable","12":"product-type-simple"},"_links":{"self":[{"href":"https:\/\/demo2.lond.net\/ozsafirhali2\/wp-json\/wp\/v2\/product\/6676","targetHints":{"allow":["GET"]}}],"collection":[{"href":"https:\/\/demo2.lond.net\/ozsafirhali2\/wp-json\/wp\/v2\/product"}],"about":[{"href":"https:\/\/demo2.lond.net\/ozsafirhali2\/wp-json\/wp\/v2\/types\/product"}],"replies":[{"embeddable":true,"href":"https:\/\/demo2.lond.net\/ozsafirhali2\/wp-json\/wp\/v2\/comments?post=6676"}],"wp:featuredmedia":[{"embeddable":true,"href":"https:\/\/demo2.lond.net\/ozsafirhali2\/wp-json\/wp\/v2\/media\/5819"}],"wp:attachment":[{"href":"https:\/\/demo2.lond.net\/ozsafirhali2\/wp-json\/wp\/v2\/media?parent=6676"}],"wp:term":[{"taxonomy":"product_cat","embeddable":true,"href":"https:\/\/demo2.lond.net\/ozsafirhali2\/wp-json\/wp\/v2\/product_cat?post=6676"},{"taxonomy":"product_tag","embeddable":true,"href":"https:\/\/demo2.lond.net\/ozsafirhali2\/wp-json\/wp\/v2\/product_tag?post=6676"}],"curies":[{"name":"wp","href":"https:\/\/api.w.org\/{rel}","templated":true}]}}